{"id":124,"date":"2019-06-01T22:49:22","date_gmt":"2019-06-01T22:49:22","guid":{"rendered":"http:\/\/www.idealnapolisa.pl\/?page_id=124"},"modified":"2019-06-01T22:52:02","modified_gmt":"2019-06-01T22:52:02","slug":"rezerwuj-sam","status":"publish","type":"page","link":"https:\/\/www.idealnapolisa.pl\/?page_id=124","title":{"rendered":"Rezerwuj Sam"},"content":{"rendered":"\n<p>Ubezpieczenie w podr\u00f3\u017cy, w szkole, dla cudzoziemc\u00f3w <\/p>\n\n\n\n<pre class=\"wp-block-preformatted\"><iframe loading=\"lazy\" width=\"590\" height=\"800\"  src=\"https:\/\/polisy.voyager.pl\/PolisaOnline\/Wybor.aspx?id=JEDZNAWAKK&#038;co=Polisy\" frameborder=\"0\" scrolling=\"auto\"><\/iframe>\n<\/pre>\n\n\n\n<pre class=\"wp-block-preformatted\"><iframe loading=\"lazy\" width=\"590\" height=\"800\"  src=\"https:\/\/polisy.voyager.pl\/PolisaOnline\/Wybor.aspx?id=JEDZNAWAKK&#038;co=Karty\" frameborder=\"0\" scrolling=\"auto\"><\/iframe><\/pre>\n","protected":false},"excerpt":{"rendered":"<p>Ubezpieczenie w podr\u00f3\u017cy, w szkole, dla cudzoziemc\u00f3w<\/p>\n","protected":false},"author":1,"featured_media":0,"parent":0,"menu_order":0,"comment_status":"closed","ping_status":"closed","template":"","meta":[],"_links":{"self":[{"href":"https:\/\/www.idealnapolisa.pl\/index.php?rest_route=\/wp\/v2\/pages\/124"}],"collection":[{"href":"https:\/\/www.idealnapolisa.pl\/index.php?rest_route=\/wp\/v2\/pages"}],"about":[{"href":"https:\/\/www.idealnapolisa.pl\/index.php?rest_route=\/wp\/v2\/types\/page"}],"author":[{"embeddable":true,"href":"https:\/\/www.idealnapolisa.pl\/index.php?rest_route=\/wp\/v2\/users\/1"}],"replies":[{"embeddable":true,"href":"https:\/\/www.idealnapolisa.pl\/index.php?rest_route=%2Fwp%2Fv2%2Fcomments&post=124"}],"version-history":[{"count":3,"href":"https:\/\/www.idealnapolisa.pl\/index.php?rest_route=\/wp\/v2\/pages\/124\/revisions"}],"predecessor-version":[{"id":130,"href":"https:\/\/www.idealnapolisa.pl\/index.php?rest_route=\/wp\/v2\/pages\/124\/revisions\/130"}],"wp:attachment":[{"href":"https:\/\/www.idealnapolisa.pl\/index.php?rest_route=%2Fwp%2Fv2%2Fmedia&parent=124"}],"curies":[{"name":"wp","href":"https:\/\/api.w.org\/{rel}","templated":true}]}}